{"id":10804,"date":"2026-01-30T10:42:30","date_gmt":"2026-01-30T10:42:30","guid":{"rendered":"https:\/\/www.enobeer.it\/?post_type=product&#038;p=10804"},"modified":"2026-01-30T10:42:30","modified_gmt":"2026-01-30T10:42:30","slug":"filtro-parallelo-2","status":"publish","type":"product","link":"https:\/\/www.enobeer.it\/en\/prodotto\/filtro-parallelo-2\/","title":{"rendered":""},"content":{"rendered":"<p><strong><u>Doppio filtro per bevande con inserti filtranti in acciaio inox sostituibili<\/u><\/strong><\/p>\n<p>Il doppio filtro ENF-2F \u00e8 un sistema di filtrazione realizzato, con due inserti filtranti sostituibili in acciaio inossidabile destinati alla filtrazione di acqua, succhi, birra, sidro, vino, kombucha o altre bevande.<\/p>\n<p>La filtrazione prolunga la durata delle bevande.<\/p>\n<p>La capacit\u00e0 di filtrazione \u00e8 fino a 2000 litri all\u2019ora.<\/p>\n<p>Se entrambi gli alloggiamenti sono dotati di un inserto filtrante con lo stesso diametro di fori, \u00e8 possibile utilizzare entrambi i filtri in parallelo e quindi la capacit\u00e0 di flusso del filtro \u00e8 doppia.<br \/>\nSe i filtri sono dotati di un\u2019 inserto filtrante diverso , la bevanda viene filtrata attraverso l\u2019inserto filtrante con maglia con fori piu\u2019 larghi\u00a0 e poi attraverso l\u2019inserto filtrante con maglia filtrante con fori piu\u2019 stretti.<br \/>\nIl filtro in acciaio inossidabile, compresi gli inserti, \u00e8 pulibile chimicamente con una stazione CIP.<\/p>\n<p>&nbsp;<\/p>\n<ul>\n<li>Corpi filtro (2 pezzi): ingresso\/uscita DN32\/40, corpo DN65-100;<\/li>\n<li>Prestazioni: massimo 2000 l\/h;<\/li>\n<li>Due filtri su un telaio: possono essere azionati indipendentemente l\u2019uno dall\u2019altro;<\/li>\n<li>Finezza della filtrazione: dipende dagli inserti filtranti installati;<\/li>\n<li>Materiale dell\u2019alloggiamento del filtro: acciaio inossidabile AISI 304 \/ AISI 316L (a seconda della versione);<\/li>\n<li>Materiale dei setacci di filtrazione: acciaio inox AISI 304 \/ AISI 316L (a seconda della versione);<\/li>\n<li>Dimensioni: 7000x500x750 mm;<\/li>\n<li>Peso: 20 kg;<\/li>\n<li>Connessioni: DN 32\/40 \/ DIN 11851 (Clamp a seconda delle esigenze del cliente).<\/li>\n<\/ul>\n","protected":false},"excerpt":{"rendered":"<p>Doppio filtro per bevande con inserti filtranti in acciaio inox sostituibili Il doppio filtro ENF-2F \u00e8 un sistema di filtrazione [&hellip;]<\/p>\n","protected":false},"featured_media":10808,"template":"","meta":{"site-sidebar-layout":"default","site-content-layout":"","ast-site-content-layout":"default","site-content-style":"default","site-sidebar-style":"default","ast-global-header-display":"","ast-banner-title-visibility":"","ast-main-header-display":"","ast-hfb-above-header-display":"","ast-hfb-below-header-display":"","ast-hfb-mobile-header-display":"","site-post-title":"","ast-breadcrumbs-content":"","ast-featured-img":"","footer-sml-layout":"","theme-transparent-header-meta":"default","adv-header-id-meta":"","stick-header-meta":"default","header-above-stick-meta":"","header-main-stick-meta":"","header-below-stick-meta":"","astra-migrate-meta-layouts":"set","ast-page-background-enabled":"default","ast-page-background-meta":{"desktop":{"background-color":"var(--ast-global-color-4)","background-image":"","background-repeat":"repeat","background-position":"center center","background-size":"auto","background-attachment":"scroll","background-type":"","background-media":"","overlay-type":"","overlay-color":"","overlay-opacity":"","overlay-gradient":""},"tablet":{"background-color":"","background-image":"","background-repeat":"repeat","background-position":"center center","background-size":"auto","background-attachment":"scroll","background-type":"","background-media":"","overlay-type":"","overlay-color":"","overlay-opacity":"","overlay-gradient":""},"mobile":{"background-color":"","background-image":"","background-repeat":"repeat","background-position":"center center","background-size":"auto","background-attachment":"scroll","background-type":"","background-media":"","overlay-type":"","overlay-color":"","overlay-opacity":"","overlay-gradient":""}},"ast-content-background-meta":{"desktop":{"background-color":"var(--ast-global-color-5)","background-image":"","background-repeat":"repeat","background-position":"center center","background-size":"auto","background-attachment":"scroll","background-type":"","background-media":"","overlay-type":"","overlay-color":"","overlay-opacity":"","overlay-gradient":""},"tablet":{"background-color":"var(--ast-global-color-5)","background-image":"","background-repeat":"repeat","background-position":"center center","background-size":"auto","background-attachment":"scroll","background-type":"","background-media":"","overlay-type":"","overlay-color":"","overlay-opacity":"","overlay-gradient":""},"mobile":{"background-color":"var(--ast-global-color-5)","background-image":"","background-repeat":"repeat","background-position":"center center","background-size":"auto","background-attachment":"scroll","background-type":"","background-media":"","overlay-type":"","overlay-color":"","overlay-opacity":"","overlay-gradient":""}}},"product_brand":[],"product_cat":[115],"product_tag":[],"class_list":{"0":"post-10804","1":"product","2":"type-product","3":"status-publish","4":"has-post-thumbnail","6":"product_cat-lavorazione-frutta","7":"desktop-align-center","8":"tablet-align-left","9":"mobile-align-left","10":"ast-product-gallery-layout-horizontal-slider","11":"ast-magnify-disabled","12":"ast-product-tabs-layout-horizontal","14":"first","15":"instock","16":"shipping-taxable","17":"product-type-simple"},"yoast_head":"<!-- This site is optimized with the Yoast SEO plugin v26.3 - https:\/\/yoast.com\/wordpress\/plugins\/seo\/ -->\n<title>Filtro Parallelo Doppio in Acciaio Inox per Bevande \u2013 2000 l\/h<\/title>\n<meta name=\"description\" content=\"Filtro parallelo doppio in acciaio inox con inserti filtranti sostituibili per acqua, succhi, birra, vino e kombucha\" \/>\n<meta name=\"robots\" content=\"index, follow, max-snippet:-1, max-image-preview:large, max-video-preview:-1\" \/>\n<link rel=\"canonical\" href=\"https:\/\/www.enobeer.it\/en\/prodotto\/filtro-parallelo-2\/\" \/>\n<meta property=\"og:locale\" content=\"en_US\" \/>\n<meta property=\"og:type\" content=\"article\" \/>\n<meta property=\"og:title\" content=\"Filtro Parallelo Doppio in Acciaio Inox per Bevande \u2013 2000 l\/h\" \/>\n<meta property=\"og:description\" content=\"Filtro parallelo doppio in acciaio inox con inserti filtranti sostituibili per acqua, succhi, birra, vino e kombucha\" \/>\n<meta property=\"og:url\" content=\"https:\/\/www.enobeer.it\/en\/prodotto\/filtro-parallelo-2\/\" \/>\n<meta property=\"article:publisher\" content=\"https:\/\/www.facebook.com\/enobeerimpiantibirra\/\" \/>\n<meta property=\"og:image\" content=\"https:\/\/www.enobeer.it\/wp-content\/uploads\/2026\/01\/IMG-20250311-WA0002-sito.png\" \/>\n\t<meta property=\"og:image:width\" content=\"800\" \/>\n\t<meta property=\"og:image:height\" content=\"1000\" \/>\n\t<meta property=\"og:image:type\" content=\"image\/png\" \/>\n<meta name=\"twitter:card\" content=\"summary_large_image\" \/>\n<meta name=\"twitter:label1\" content=\"Est. reading time\" \/>\n\t<meta name=\"twitter:data1\" content=\"2 minutes\" \/>\n<script type=\"application\/ld+json\" class=\"yoast-schema-graph\">{\"@context\":\"https:\/\/schema.org\",\"@graph\":[{\"@type\":\"WebPage\",\"@id\":\"https:\/\/www.enobeer.it\/en\/prodotto\/filtro-parallelo-2\/\",\"url\":\"https:\/\/www.enobeer.it\/en\/prodotto\/filtro-parallelo-2\/\",\"name\":\"Filtro Parallelo Doppio in Acciaio Inox per Bevande \u2013 2000 l\/h\",\"isPartOf\":{\"@id\":\"https:\/\/www.enobeer.it\/en\/#website\"},\"primaryImageOfPage\":{\"@id\":\"https:\/\/www.enobeer.it\/en\/prodotto\/filtro-parallelo-2\/#primaryimage\"},\"image\":{\"@id\":\"https:\/\/www.enobeer.it\/en\/prodotto\/filtro-parallelo-2\/#primaryimage\"},\"thumbnailUrl\":\"https:\/\/www.enobeer.it\/wp-content\/uploads\/2026\/01\/IMG-20250311-WA0002-sito.png\",\"datePublished\":\"2026-01-30T10:42:30+00:00\",\"description\":\"Filtro parallelo doppio in acciaio inox con inserti filtranti sostituibili per acqua, succhi, birra, vino e kombucha\",\"breadcrumb\":{\"@id\":\"https:\/\/www.enobeer.it\/en\/prodotto\/filtro-parallelo-2\/#breadcrumb\"},\"inLanguage\":\"en-US\",\"potentialAction\":[{\"@type\":\"ReadAction\",\"target\":[\"https:\/\/www.enobeer.it\/en\/prodotto\/filtro-parallelo-2\/\"]}]},{\"@type\":\"ImageObject\",\"inLanguage\":\"en-US\",\"@id\":\"https:\/\/www.enobeer.it\/en\/prodotto\/filtro-parallelo-2\/#primaryimage\",\"url\":\"https:\/\/www.enobeer.it\/wp-content\/uploads\/2026\/01\/IMG-20250311-WA0002-sito.png\",\"contentUrl\":\"https:\/\/www.enobeer.it\/wp-content\/uploads\/2026\/01\/IMG-20250311-WA0002-sito.png\",\"width\":800,\"height\":1000,\"caption\":\"Filtro Parallelo\"},{\"@type\":\"BreadcrumbList\",\"@id\":\"https:\/\/www.enobeer.it\/en\/prodotto\/filtro-parallelo-2\/#breadcrumb\",\"itemListElement\":[{\"@type\":\"ListItem\",\"position\":1,\"name\":\"Home\",\"item\":\"https:\/\/www.enobeer.it\/en\/\"},{\"@type\":\"ListItem\",\"position\":2,\"name\":\"Production\",\"item\":\"https:\/\/www.enobeer.it\/en\/production\/\"}]},{\"@type\":\"WebSite\",\"@id\":\"https:\/\/www.enobeer.it\/en\/#website\",\"url\":\"https:\/\/www.enobeer.it\/en\/\",\"name\":\"Enobeer Srl\",\"description\":\"\",\"publisher\":{\"@id\":\"https:\/\/www.enobeer.it\/en\/#organization\"},\"potentialAction\":[{\"@type\":\"SearchAction\",\"target\":{\"@type\":\"EntryPoint\",\"urlTemplate\":\"https:\/\/www.enobeer.it\/en\/?s={search_term_string}\"},\"query-input\":{\"@type\":\"PropertyValueSpecification\",\"valueRequired\":true,\"valueName\":\"search_term_string\"}}],\"inLanguage\":\"en-US\"},{\"@type\":\"Organization\",\"@id\":\"https:\/\/www.enobeer.it\/en\/#organization\",\"name\":\"Enobeer Srl\",\"url\":\"https:\/\/www.enobeer.it\/en\/\",\"logo\":{\"@type\":\"ImageObject\",\"inLanguage\":\"en-US\",\"@id\":\"https:\/\/www.enobeer.it\/en\/#\/schema\/logo\/image\/\",\"url\":\"https:\/\/www.enobeer.it\/wp-content\/uploads\/2024\/11\/LogoEnobeer.png\",\"contentUrl\":\"https:\/\/www.enobeer.it\/wp-content\/uploads\/2024\/11\/LogoEnobeer.png\",\"width\":389,\"height\":106,\"caption\":\"Enobeer Srl\"},\"image\":{\"@id\":\"https:\/\/www.enobeer.it\/en\/#\/schema\/logo\/image\/\"},\"sameAs\":[\"https:\/\/www.facebook.com\/enobeerimpiantibirra\/\",\"https:\/\/www.instagram.com\/enobeer_srl\/\",\"https:\/\/www.linkedin.com\/company\/enobeer-srl\/\"]}]}<\/script>\n<!-- \/ Yoast SEO plugin. -->","yoast_head_json":{"title":"Filtro Parallelo Doppio in Acciaio Inox per Bevande \u2013 2000 l\/h","description":"Filtro parallelo doppio in acciaio inox con inserti filtranti sostituibili per acqua, succhi, birra, vino e kombucha","robots":{"index":"index","follow":"follow","max-snippet":"max-snippet:-1","max-image-preview":"max-image-preview:large","max-video-preview":"max-video-preview:-1"},"canonical":"https:\/\/www.enobeer.it\/en\/prodotto\/filtro-parallelo-2\/","og_locale":"en_US","og_type":"article","og_title":"Filtro Parallelo Doppio in Acciaio Inox per Bevande \u2013 2000 l\/h","og_description":"Filtro parallelo doppio in acciaio inox con inserti filtranti sostituibili per acqua, succhi, birra, vino e kombucha","og_url":"https:\/\/www.enobeer.it\/en\/prodotto\/filtro-parallelo-2\/","article_publisher":"https:\/\/www.facebook.com\/enobeerimpiantibirra\/","og_image":[{"width":800,"height":1000,"url":"https:\/\/www.enobeer.it\/wp-content\/uploads\/2026\/01\/IMG-20250311-WA0002-sito.png","type":"image\/png"}],"twitter_card":"summary_large_image","twitter_misc":{"Est. reading time":"2 minutes"},"schema":{"@context":"https:\/\/schema.org","@graph":[{"@type":"WebPage","@id":"https:\/\/www.enobeer.it\/en\/prodotto\/filtro-parallelo-2\/","url":"https:\/\/www.enobeer.it\/en\/prodotto\/filtro-parallelo-2\/","name":"Filtro Parallelo Doppio in Acciaio Inox per Bevande \u2013 2000 l\/h","isPartOf":{"@id":"https:\/\/www.enobeer.it\/en\/#website"},"primaryImageOfPage":{"@id":"https:\/\/www.enobeer.it\/en\/prodotto\/filtro-parallelo-2\/#primaryimage"},"image":{"@id":"https:\/\/www.enobeer.it\/en\/prodotto\/filtro-parallelo-2\/#primaryimage"},"thumbnailUrl":"https:\/\/www.enobeer.it\/wp-content\/uploads\/2026\/01\/IMG-20250311-WA0002-sito.png","datePublished":"2026-01-30T10:42:30+00:00","description":"Filtro parallelo doppio in acciaio inox con inserti filtranti sostituibili per acqua, succhi, birra, vino e kombucha","breadcrumb":{"@id":"https:\/\/www.enobeer.it\/en\/prodotto\/filtro-parallelo-2\/#breadcrumb"},"inLanguage":"en-US","potentialAction":[{"@type":"ReadAction","target":["https:\/\/www.enobeer.it\/en\/prodotto\/filtro-parallelo-2\/"]}]},{"@type":"ImageObject","inLanguage":"en-US","@id":"https:\/\/www.enobeer.it\/en\/prodotto\/filtro-parallelo-2\/#primaryimage","url":"https:\/\/www.enobeer.it\/wp-content\/uploads\/2026\/01\/IMG-20250311-WA0002-sito.png","contentUrl":"https:\/\/www.enobeer.it\/wp-content\/uploads\/2026\/01\/IMG-20250311-WA0002-sito.png","width":800,"height":1000,"caption":"Filtro Parallelo"},{"@type":"BreadcrumbList","@id":"https:\/\/www.enobeer.it\/en\/prodotto\/filtro-parallelo-2\/#breadcrumb","itemListElement":[{"@type":"ListItem","position":1,"name":"Home","item":"https:\/\/www.enobeer.it\/en\/"},{"@type":"ListItem","position":2,"name":"Production","item":"https:\/\/www.enobeer.it\/en\/production\/"}]},{"@type":"WebSite","@id":"https:\/\/www.enobeer.it\/en\/#website","url":"https:\/\/www.enobeer.it\/en\/","name":"Enobeer Srl","description":"","publisher":{"@id":"https:\/\/www.enobeer.it\/en\/#organization"},"potentialAction":[{"@type":"SearchAction","target":{"@type":"EntryPoint","urlTemplate":"https:\/\/www.enobeer.it\/en\/?s={search_term_string}"},"query-input":{"@type":"PropertyValueSpecification","valueRequired":true,"valueName":"search_term_string"}}],"inLanguage":"en-US"},{"@type":"Organization","@id":"https:\/\/www.enobeer.it\/en\/#organization","name":"Enobeer Srl","url":"https:\/\/www.enobeer.it\/en\/","logo":{"@type":"ImageObject","inLanguage":"en-US","@id":"https:\/\/www.enobeer.it\/en\/#\/schema\/logo\/image\/","url":"https:\/\/www.enobeer.it\/wp-content\/uploads\/2024\/11\/LogoEnobeer.png","contentUrl":"https:\/\/www.enobeer.it\/wp-content\/uploads\/2024\/11\/LogoEnobeer.png","width":389,"height":106,"caption":"Enobeer Srl"},"image":{"@id":"https:\/\/www.enobeer.it\/en\/#\/schema\/logo\/image\/"},"sameAs":["https:\/\/www.facebook.com\/enobeerimpiantibirra\/","https:\/\/www.instagram.com\/enobeer_srl\/","https:\/\/www.linkedin.com\/company\/enobeer-srl\/"]}]}},"_links":{"self":[{"href":"https:\/\/www.enobeer.it\/en\/wp-json\/wp\/v2\/product\/10804","targetHints":{"allow":["GET"]}}],"collection":[{"href":"https:\/\/www.enobeer.it\/en\/wp-json\/wp\/v2\/product"}],"about":[{"href":"https:\/\/www.enobeer.it\/en\/wp-json\/wp\/v2\/types\/product"}],"wp:featuredmedia":[{"embeddable":true,"href":"https:\/\/www.enobeer.it\/en\/wp-json\/wp\/v2\/media\/10808"}],"wp:attachment":[{"href":"https:\/\/www.enobeer.it\/en\/wp-json\/wp\/v2\/media?parent=10804"}],"wp:term":[{"taxonomy":"product_brand","embeddable":true,"href":"https:\/\/www.enobeer.it\/en\/wp-json\/wp\/v2\/product_brand?post=10804"},{"taxonomy":"product_cat","embeddable":true,"href":"https:\/\/www.enobeer.it\/en\/wp-json\/wp\/v2\/product_cat?post=10804"},{"taxonomy":"product_tag","embeddable":true,"href":"https:\/\/www.enobeer.it\/en\/wp-json\/wp\/v2\/product_tag?post=10804"}],"curies":[{"name":"wp","href":"https:\/\/api.w.org\/{rel}","templated":true}]}}